{"id":7,"date":"2021-08-07T12:08:51","date_gmt":"2021-08-07T12:08:51","guid":{"rendered":"http:\/\/mariorino.de\/?page_id=7"},"modified":"2023-11-11T12:12:53","modified_gmt":"2023-11-11T12:12:53","slug":"blog","status":"publish","type":"page","link":"https:\/\/mariorino.de\/?page_id=7","title":{"rendered":"Kontakt:"},"content":{"rendered":"\n<p class=\"has-large-font-size\"><strong>Ristorante Pizzeria Mario e Rino<\/strong><\/p>\n\n\n\n<p class=\"has-black-color has-text-color has-medium-font-size\">Brabanter Stra\u00dfe 68<\/p>\n\n\n\n<p class=\"has-black-color has-text-color has-medium-font-size\">52525 Waldfeucht<\/p>\n\n\n\n<p class=\"has-black-color has-text-color has-medium-font-size\">Telefon +49 (0)2455 93 05 40<\/p>\n\n\n\n<p><\/p>\n\n\n\n<p><\/p>\n\n\n\n<p class=\"has-large-font-size\"><strong>\u00d6ffnungszeiten:<\/strong><\/p>\n\n\n\n<p class=\"has-black-color has-text-color has-medium-font-size\">T\u00e4glich von Montag bis Samstag von 17:00 bis 22:00 Uhr. <br>Dienstag Ruhetag.<\/p>\n\n\n\n<p class=\"has-black-color has-text-color has-medium-font-size\">Mittwoch und Freitag auch von 12:00 bis 14:30 Uhr.<\/p>\n\n\n\n<p class=\"has-black-color has-text-color has-medium-font-size\">Sonntag von 15:00 bis 22:00 Uhr.<\/p>\n","protected":false},"excerpt":{"rendered":"<p>Ristorante Pizzeria Mario e Rino Brabanter Stra\u00dfe 68 52525 Waldfeucht Telefon +49 (0)2455 93 05 40 \u00d6ffnungszeiten: T\u00e4glich von Montag &hellip; <a href=\"https:\/\/mariorino.de\/?page_id=7\" class=\"more-link\">Continue reading <span class=\"screen-reader-text\">Kontakt:<\/span><\/a><\/p>\n","protected":false},"author":1,"featured_media":0,"parent":0,"menu_order":0,"comment_status":"closed","ping_status":"closed","template":"","meta":{"footnotes":""},"class_list":["post-7","page","type-page","status-publish","hentry"],"jetpack_sharing_enabled":true,"_links":{"self":[{"href":"https:\/\/mariorino.de\/index.php?rest_route=\/wp\/v2\/pages\/7","targetHints":{"allow":["GET"]}}],"collection":[{"href":"https:\/\/mariorino.de\/index.php?rest_route=\/wp\/v2\/pages"}],"about":[{"href":"https:\/\/mariorino.de\/index.php?rest_route=\/wp\/v2\/types\/page"}],"author":[{"embeddable":true,"href":"https:\/\/mariorino.de\/index.php?rest_route=\/wp\/v2\/users\/1"}],"replies":[{"embeddable":true,"href":"https:\/\/mariorino.de\/index.php?rest_route=%2Fwp%2Fv2%2Fcomments&post=7"}],"version-history":[{"count":18,"href":"https:\/\/mariorino.de\/index.php?rest_route=\/wp\/v2\/pages\/7\/revisions"}],"predecessor-version":[{"id":197,"href":"https:\/\/mariorino.de\/index.php?rest_route=\/wp\/v2\/pages\/7\/revisions\/197"}],"wp:attachment":[{"href":"https:\/\/mariorino.de\/index.php?rest_route=%2Fwp%2Fv2%2Fmedia&parent=7"}],"curies":[{"name":"wp","href":"https:\/\/api.w.org\/{rel}","templated":true}]}}