{"id":198,"date":"2023-11-11T12:14:19","date_gmt":"2023-11-11T12:14:19","guid":{"rendered":"https:\/\/mariorino.de\/?page_id=198"},"modified":"2023-11-11T12:14:19","modified_gmt":"2023-11-11T12:14:19","slug":"impressum","status":"publish","type":"page","link":"https:\/\/mariorino.de\/?page_id=198","title":{"rendered":"Impressum"},"content":{"rendered":"\n<p><strong>Angaben gem\u00e4\u00df \u00a7 5 TMG<\/strong><br><br>Ristorante Pizzeria Mario e Rino<br>Brabanter Stra\u00dfe 68<br>52525 Waldfeucht<\/p>\n\n\n\n<p>Gesch\u00e4ftsf\u00fchrer: Mario de Riggi<br><br><strong>Kontakt:<\/strong><br>Telefon: +49 (0)2455 93 05 40<br>E-Mail: kontakt@mariorino.de<\/p>\n\n\n\n<p><strong>Umsatzsteuer-ID<\/strong><br>Umsatzsteuer-Identifikationsnummer gem\u00e4\u00df \u00a7 27 a Umsatzsteuergesetz:<br>DE184624254<\/p>\n\n\n\n<p><strong>Verbraucherstreitbeilegung\/Universalschlichtungsstelle<\/strong><br>Wir sind nicht bereit oder verpflichtet, an Streitbeilegungsverfahren vor einer<br>Verbraucherschlichtungsstelle teilzunehmen.<\/p>\n","protected":false},"excerpt":{"rendered":"<p>Angaben gem\u00e4\u00df \u00a7 5 TMG Ristorante Pizzeria Mario e RinoBrabanter Stra\u00dfe 6852525 Waldfeucht Gesch\u00e4ftsf\u00fchrer: Mario de Riggi Kontakt:Telefon: +49 (0)2455 &hellip; <a href=\"https:\/\/mariorino.de\/?page_id=198\" class=\"more-link\">Continue reading <span class=\"screen-reader-text\">Impressum<\/span><\/a><\/p>\n","protected":false},"author":2,"featured_media":0,"parent":0,"menu_order":0,"comment_status":"closed","ping_status":"closed","template":"","meta":{"footnotes":""},"class_list":["post-198","page","type-page","status-publish","hentry"],"jetpack_sharing_enabled":true,"_links":{"self":[{"href":"https:\/\/mariorino.de\/index.php?rest_route=\/wp\/v2\/pages\/198","targetHints":{"allow":["GET"]}}],"collection":[{"href":"https:\/\/mariorino.de\/index.php?rest_route=\/wp\/v2\/pages"}],"about":[{"href":"https:\/\/mariorino.de\/index.php?rest_route=\/wp\/v2\/types\/page"}],"author":[{"embeddable":true,"href":"https:\/\/mariorino.de\/index.php?rest_route=\/wp\/v2\/users\/2"}],"replies":[{"embeddable":true,"href":"https:\/\/mariorino.de\/index.php?rest_route=%2Fwp%2Fv2%2Fcomments&post=198"}],"version-history":[{"count":1,"href":"https:\/\/mariorino.de\/index.php?rest_route=\/wp\/v2\/pages\/198\/revisions"}],"predecessor-version":[{"id":200,"href":"https:\/\/mariorino.de\/index.php?rest_route=\/wp\/v2\/pages\/198\/revisions\/200"}],"wp:attachment":[{"href":"https:\/\/mariorino.de\/index.php?rest_route=%2Fwp%2Fv2%2Fmedia&parent=198"}],"curies":[{"name":"wp","href":"https:\/\/api.w.org\/{rel}","templated":true}]}}